{"id":39339,"date":"2023-06-27T10:10:45","date_gmt":"2023-06-27T10:10:45","guid":{"rendered":"https:\/\/www.shineiberia.tv\/shine-iberia\/helder-marques\/"},"modified":"2025-09-02T14:15:52","modified_gmt":"2025-09-02T14:15:52","slug":"helder-marques","status":"publish","type":"page","link":"https:\/\/www.shineiberia.tv\/en\/shine-iberia\/helder-marques\/","title":{"rendered":"H\u00e9lder Marques"},"content":{"rendered":"<p>[et_pb_section fb_built=&#8221;1&#8243; admin_label=&#8221;Foto Cabecera&#8221; module_class=&#8221;secc-cab-prog secc-eq-desc&#8221; _builder_version=&#8221;4.21.0&#8243; _module_preset=&#8221;default&#8221; background_enable_color=&#8221;off&#8221; background_image=&#8221;https:\/\/www.shineiberia.tv\/wp-content\/uploads\/2023\/06\/cabecera-shine-iberia.jpeg&#8221; background_blend=&#8221;multiply&#8221; da_disable_devices=&#8221;off|off|off&#8221; collapsed=&#8221;off&#8221; global_colors_info=&#8221;{}&#8221; da_is_popup=&#8221;off&#8221; da_exit_intent=&#8221;off&#8221; da_has_close=&#8221;on&#8221; da_alt_close=&#8221;off&#8221; da_dark_close=&#8221;off&#8221; da_not_modal=&#8221;on&#8221; da_is_singular=&#8221;off&#8221; da_with_loader=&#8221;off&#8221; da_has_shadow=&#8221;on&#8221;][et_pb_row _builder_version=&#8221;4.19.5&#8243; _module_preset=&#8221;default&#8221; global_colors_info=&#8221;{}&#8221;][et_pb_column type=&#8221;4_4&#8243; _builder_version=&#8221;4.19.5&#8243; _module_preset=&#8221;default&#8221; global_colors_info=&#8221;{}&#8221;][et_pb_text disabled_on=&#8221;off|off|on&#8221; admin_label=&#8221;Nombre &#8211; Mvl &#038; Tablet&#8221; _builder_version=&#8221;4.27.4&#8243; _module_preset=&#8221;default&#8221; global_colors_info=&#8221;{}&#8221;]<\/p>\n<h1 class=\"ld-h1-a\">H\u00e9lder Marques<\/h1>\n<p>[\/et_pb_text][\/et_pb_column][\/et_pb_row][\/et_pb_section][et_pb_section fb_built=&#8221;1&#8243; disabled_on=&#8221;on|on|off&#8221; admin_label=&#8221;Contenido Cabecera &#8211; PC&#8221; module_class=&#8221;secc-inic-a&#8221; _builder_version=&#8221;4.20.0&#8243; _module_preset=&#8221;default&#8221; background_enable_image=&#8221;off&#8221; da_disable_devices=&#8221;off|off|off&#8221; collapsed=&#8221;off&#8221; global_colors_info=&#8221;{}&#8221; da_is_popup=&#8221;off&#8221; da_exit_intent=&#8221;off&#8221; da_has_close=&#8221;on&#8221; da_alt_close=&#8221;off&#8221; da_dark_close=&#8221;off&#8221; da_not_modal=&#8221;on&#8221; da_is_singular=&#8221;off&#8221; da_with_loader=&#8221;off&#8221; da_has_shadow=&#8221;on&#8221;][et_pb_row column_structure=&#8221;1_3,2_3&#8243; disabled_on=&#8221;on|on|off&#8221; module_class=&#8221;fila-a&#8221; _builder_version=&#8221;4.21.0&#8243; _module_preset=&#8221;default&#8221; global_colors_info=&#8221;{}&#8221;][et_pb_column type=&#8221;1_3&#8243; module_class=&#8221;col-a&#8221; admin_label=&#8221;Foto con Logo del Programa en %22Fondo%22&#8243; _builder_version=&#8221;4.21.0&#8243; _module_preset=&#8221;default&#8221; background_image=&#8221;https:\/\/www.shineiberia.tv\/wp-content\/uploads\/2025\/08\/Helder-500&#215;500.2@ceciliabayonasfoto.L1060160.jpg&#8221; global_colors_info=&#8221;{}&#8221;][\/et_pb_column][et_pb_column type=&#8221;2_3&#8243; module_class=&#8221;col-b&#8221; _builder_version=&#8221;4.20.0&#8243; _module_preset=&#8221;default&#8221; global_colors_info=&#8221;{}&#8221;][et_pb_text admin_label=&#8221;Nombre &#8211; PC&#8221; _builder_version=&#8221;4.27.4&#8243; _module_preset=&#8221;default&#8221; global_colors_info=&#8221;{}&#8221;]<\/p>\n<h1 class=\"ld-h1-a\">H\u00e9lder Marques<\/h1>\n<p>[\/et_pb_text][et_pb_text admin_label=&#8221;Puesto&#8221; _builder_version=&#8221;4.27.4&#8243; _module_preset=&#8221;default&#8221; hover_enabled=&#8221;0&#8243; global_colors_info=&#8221;{}&#8221; sticky_enabled=&#8221;0&#8243;]<\/p>\n<p class=\"ld-p-b\">Chief Executive<\/p>\n<p>[\/et_pb_text][\/et_pb_column][\/et_pb_row][\/et_pb_section][et_pb_section fb_built=&#8221;1&#8243; disabled_on=&#8221;off|off|on&#8221; admin_label=&#8221;Contenido Cabecera &#8211; Mvl &#038; Tablet&#8221; module_class=&#8221;secc-inic-a secc-eq-a&#8221; _builder_version=&#8221;4.21.0&#8243; _module_preset=&#8221;default&#8221; background_enable_image=&#8221;off&#8221; da_disable_devices=&#8221;off|off|off&#8221; collapsed=&#8221;off&#8221; global_colors_info=&#8221;{}&#8221; da_is_popup=&#8221;off&#8221; da_exit_intent=&#8221;off&#8221; da_has_close=&#8221;on&#8221; da_alt_close=&#8221;off&#8221; da_dark_close=&#8221;off&#8221; da_not_modal=&#8221;on&#8221; da_is_singular=&#8221;off&#8221; da_with_loader=&#8221;off&#8221; da_has_shadow=&#8221;on&#8221;][et_pb_row disabled_on=&#8221;off|off|off&#8221; _builder_version=&#8221;4.20.2&#8243; _module_preset=&#8221;default&#8221; global_colors_info=&#8221;{}&#8221;][et_pb_column type=&#8221;4_4&#8243; _builder_version=&#8221;4.20.2&#8243; _module_preset=&#8221;default&#8221; global_colors_info=&#8221;{}&#8221;][et_pb_image src=&#8221;https:\/\/www.shineiberia.tv\/wp-content\/uploads\/2025\/08\/Helder-500&#215;500.2@ceciliabayonasfoto.L1060160.jpg&#8221; title_text=&#8221;macarena-rey-500&#215;500&#8243; _builder_version=&#8221;4.27.4&#8243; _module_preset=&#8221;default&#8221; global_colors_info=&#8221;{}&#8221;][\/et_pb_image][et_pb_text admin_label=&#8221;Puesto&#8221; _builder_version=&#8221;4.27.4&#8243; _module_preset=&#8221;default&#8221; hover_enabled=&#8221;0&#8243; global_colors_info=&#8221;{}&#8221; sticky_enabled=&#8221;0&#8243;]<\/p>\n<p class=\"ld-p-b\">Chief Executive<\/p>\n<p>[\/et_pb_text][\/et_pb_column][\/et_pb_row][\/et_pb_section][et_pb_section fb_built=&#8221;1&#8243; disabled_on=&#8221;off|off|off&#8221; admin_label=&#8221;Texto&#8221; module_class=&#8221;secc-inic-b secc-eq-b&#8221; _builder_version=&#8221;4.21.0&#8243; _module_preset=&#8221;default&#8221; da_disable_devices=&#8221;off|off|off&#8221; collapsed=&#8221;off&#8221; global_colors_info=&#8221;{}&#8221; da_is_popup=&#8221;off&#8221; da_exit_intent=&#8221;off&#8221; da_has_close=&#8221;on&#8221; da_alt_close=&#8221;off&#8221; da_dark_close=&#8221;off&#8221; da_not_modal=&#8221;on&#8221; da_is_singular=&#8221;off&#8221; da_with_loader=&#8221;off&#8221; da_has_shadow=&#8221;on&#8221;][et_pb_row _builder_version=&#8221;4.20.0&#8243; _module_preset=&#8221;default&#8221; global_colors_info=&#8221;{}&#8221;][et_pb_column type=&#8221;4_4&#8243; _builder_version=&#8221;4.20.0&#8243; _module_preset=&#8221;default&#8221; global_colors_info=&#8221;{}&#8221;][et_pb_text _builder_version=&#8221;4.27.4&#8243; _module_preset=&#8221;default&#8221; global_colors_info=&#8221;{}&#8221;]<\/p>\n<p class=\"ld-p-a\">He joined Shine Iberia in November 2012 as Production Manager. He has more than 15 years of experience in entertainment. He started at Endemol where he produced shows such as \u201cConfian\u00e7a Cega \u2013 Blind Face\u201d for SIC, \u201cBig Brother\u201d, \u201cQuinta das Celebridades\u201d and \u201c1\u00aaCompanhia\u201d for TVI, and \u201cDan\u00e7a Comigo \u2013 Dancing with the Stars\u201d for RTP. He spent six months in Argentina producing \u201cFear Factor\u201d for TVI.<\/p>\n<p class=\"ld-p-a\">He is part of the founding team of CBV Produ\u00e7\u00f5es Televisivas and has directed shows such as \u201cQuem Quer Ser Milion\u00e1rio \u2013 Who Wants to Be a Millionaire\u201d, \u201cTop Chef\u201d and \u201cA Voz de Portugal \u2013 The Voice\u201d for RTP, \u201cAtreve-te a Cantar\u201d and \u201cFace Model of The Year\u201d for SIC<\/p>\n<p>[\/et_pb_text][\/et_pb_column][\/et_pb_row][\/et_pb_section]<\/p>\n","protected":false},"excerpt":{"rendered":"<p>H\u00e9lder MarquesH\u00e9lder MarquesChief ExecutiveChief ExecutiveHe joined Shine Iberia in November 2012 as Production Manager. He has more than 15 years of experience in entertainment. He started at Endemol where he produced shows such as \u201cConfian\u00e7a Cega \u2013 Blind Face\u201d for SIC, \u201cBig Brother\u201d, \u201cQuinta das Celebridades\u201d and \u201c1\u00aaCompanhia\u201d for TVI, and \u201cDan\u00e7a Comigo \u2013 Dancing [&hellip;]<\/p>\n","protected":false},"author":1,"featured_media":0,"parent":38801,"menu_order":11,"comment_status":"closed","ping_status":"closed","template":"","meta":{"_acf_changed":false,"_et_pb_use_builder":"on","_et_pb_old_content":"[et_pb_section fb_built=\"1\" admin_label=\"Foto Cabecera\" module_class=\"secc-cab-prog secc-eq-desc\" _builder_version=\"4.21.0\" _module_preset=\"default\" background_enable_color=\"off\" background_image=\"https:\/\/www.shineiberia.tv\/wp-content\/uploads\/2023\/06\/cabecera-shine-iberia.jpeg\" background_blend=\"multiply\" da_disable_devices=\"off|off|off\" collapsed=\"off\" global_colors_info=\"{}\" da_is_popup=\"off\" da_exit_intent=\"off\" da_has_close=\"on\" da_alt_close=\"off\" da_dark_close=\"off\" da_not_modal=\"on\" da_is_singular=\"off\" da_with_loader=\"off\" da_has_shadow=\"on\"][et_pb_row _builder_version=\"4.19.5\" _module_preset=\"default\" global_colors_info=\"{}\"][et_pb_column type=\"4_4\" _builder_version=\"4.19.5\" _module_preset=\"default\" global_colors_info=\"{}\"][et_pb_text disabled_on=\"off|off|on\" admin_label=\"Nombre - Mvl & Tablet\" _builder_version=\"4.21.0\" _module_preset=\"default\" global_colors_info=\"{}\"]<h1 class=\"ld-h1-a\">Macarena Rey<\/h1>[\/et_pb_text][\/et_pb_column][\/et_pb_row][\/et_pb_section][et_pb_section fb_built=\"1\" disabled_on=\"on|on|off\" admin_label=\"Contenido Cabecera - PC\" module_class=\"secc-inic-a\" _builder_version=\"4.20.0\" _module_preset=\"default\" background_enable_image=\"off\" da_disable_devices=\"off|off|off\" collapsed=\"off\" global_colors_info=\"{}\" da_is_popup=\"off\" da_exit_intent=\"off\" da_has_close=\"on\" da_alt_close=\"off\" da_dark_close=\"off\" da_not_modal=\"on\" da_is_singular=\"off\" da_with_loader=\"off\" da_has_shadow=\"on\"][et_pb_row column_structure=\"1_3,2_3\" disabled_on=\"on|on|off\" module_class=\"fila-a\" _builder_version=\"4.21.0\" _module_preset=\"default\" global_colors_info=\"{}\"][et_pb_column type=\"1_3\" module_class=\"col-a\" admin_label=\"Foto con Logo del Programa en %22Fondo%22\" _builder_version=\"4.21.0\" _module_preset=\"default\" background_image=\"https:\/\/www.shineiberia.tv\/wp-content\/uploads\/2025\/08\/Helder-500x500.2@ceciliabayonasfoto.L1060160.jpg\" global_colors_info=\"{}\"][\/et_pb_column][et_pb_column type=\"2_3\" module_class=\"col-b\" _builder_version=\"4.20.0\" _module_preset=\"default\" global_colors_info=\"{}\"][et_pb_text admin_label=\"Nombre - PC\" _builder_version=\"4.21.0\" _module_preset=\"default\" global_colors_info=\"{}\"]<h1 class=\"ld-h1-a\">Macarena Rey<\/h1>[\/et_pb_text][et_pb_text admin_label=\"Puesto\" _builder_version=\"4.21.0\" _module_preset=\"default\" global_colors_info=\"{}\"]<p class=\"ld-p-b\">CEO Shine Iberia<\/p>[\/et_pb_text][\/et_pb_column][\/et_pb_row][\/et_pb_section][et_pb_section fb_built=\"1\" disabled_on=\"off|off|on\" admin_label=\"Contenido Cabecera - Mvl & Tablet\" module_class=\"secc-inic-a secc-eq-a\" _builder_version=\"4.21.0\" _module_preset=\"default\" background_enable_image=\"off\" da_disable_devices=\"off|off|off\" collapsed=\"off\" global_colors_info=\"{}\" da_is_popup=\"off\" da_exit_intent=\"off\" da_has_close=\"on\" da_alt_close=\"off\" da_dark_close=\"off\" da_not_modal=\"on\" da_is_singular=\"off\" da_with_loader=\"off\" da_has_shadow=\"on\"][et_pb_row disabled_on=\"off|off|off\" _builder_version=\"4.20.2\" _module_preset=\"default\" global_colors_info=\"{}\"][et_pb_column type=\"4_4\" _builder_version=\"4.20.2\" _module_preset=\"default\" global_colors_info=\"{}\"][et_pb_image src=\"https:\/\/www.shineiberia.tv\/wp-content\/uploads\/2025\/08\/Helder-500x500.2@ceciliabayonasfoto.L1060160.jpg\" title_text=\"macarena-rey-500x500\" _builder_version=\"4.21.0\" _module_preset=\"default\" global_colors_info=\"{}\"][\/et_pb_image][et_pb_text admin_label=\"Puesto\" _builder_version=\"4.21.0\" _module_preset=\"default\" global_colors_info=\"{}\"]<p class=\"ld-p-b\">CEO Shine Iberia<\/p>[\/et_pb_text][\/et_pb_column][\/et_pb_row][\/et_pb_section][et_pb_section fb_built=\"1\" disabled_on=\"off|off|off\" admin_label=\"Texto\" module_class=\"secc-inic-b secc-eq-b\" _builder_version=\"4.21.0\" _module_preset=\"default\" da_disable_devices=\"off|off|off\" collapsed=\"off\" global_colors_info=\"{}\" da_is_popup=\"off\" da_exit_intent=\"off\" da_has_close=\"on\" da_alt_close=\"off\" da_dark_close=\"off\" da_not_modal=\"on\" da_is_singular=\"off\" da_with_loader=\"off\" da_has_shadow=\"on\"][et_pb_row _builder_version=\"4.20.0\" _module_preset=\"default\" global_colors_info=\"{}\"][et_pb_column type=\"4_4\" _builder_version=\"4.20.0\" _module_preset=\"default\" global_colors_info=\"{}\"][et_pb_text _builder_version=\"4.21.0\" _module_preset=\"default\" global_colors_info=\"{}\"]<p class=\"ld-p-a\">Macarena se incorpor\u00f3 a Shine Group en Julio 2011 y ha estado al frente de las operaciones en Espa\u00f1a y Portugal desde entonces, como parte de una creciente red mundial de productoras. Durante estos a\u00f1os ha liderado, como productora ejecutiva, algunos de los formatos de mayor \u00e9xito en ambos territorios: \u2018MasterChef\u2019 en Espa\u00f1a y Portugal, \u2018La Isla\u2019, Me Resbala\u2018, Maestros de la Costura\u2019 y su versi\u00f3n lusa \u2018Cosido a Mao\u2019, \u2018The Voice Portugal\u2019 y su versi\u00f3n infantil \u2018The Voice Kids Portugal\u2019, \u2018Pesadelo na cozinha\u2019, \u2018D\u2019Improviso\u2019, \u2018Sabe ou N\u00e3o Sabe\u2019\u2026<\/p>\r\n\r\n<p class=\"ld-p-a\">Anteriormente, desde 2008, Macarena fue Directora General de BocaBoca Producciones, una de las principales productoras de cine y televisi\u00f3n espa\u00f1olas. Durante este tiempo, la productora desarroll\u00f3 proyectos de gran \u00e9xito como 21 d\u00edas, Raphael, Carrero Blanco, 2055, Conexi\u00f3n Samanta, Malas Pulgas, Rescatando a Sara, Vidas Robadas. A esta posici\u00f3n llego despu\u00e9s de haber desempe\u00f1ado labores similares en Drive Group.<\/p>\r\n\r\n<p class=\"ld-p-a\">Macarena es licenciada en Administraci\u00f3n y Direcci\u00f3n de Empresas y posee una extensa carrera en televisi\u00f3n, en muchos y distintos g\u00e9neros y sectores, incluyendo su labor como Directora General del \u00e1rea de Producci\u00f3n de Canal+ Espa\u00f1a, donde fue responsable de supervisar toda la producci\u00f3n propia de la cadena; y Directora de Contenidos de Telef\u00f3nica Media, donde fue responsable de coproducciones internacionales de cine y televisi\u00f3n con HBO y Fireworks, entre otras. Su carrera en la televisi\u00f3n comenz\u00f3 en los departamentos de compras del Grupo Telef\u00f3nica (Antena3 y V\u00eda Digital) donde, como Directora de Compras, fue la responsable de la selecci\u00f3n de contenidos y activos de la plataforma de TV de pago.<\/p>[\/et_pb_text][\/et_pb_column][\/et_pb_row][\/et_pb_section]","_et_gb_content_width":"","footnotes":""},"class_list":["post-39339","page","type-page","status-publish","hentry"],"acf":[],"yoast_head":"<!-- This site is optimized with the Yoast SEO plugin v25.9 - https:\/\/yoast.com\/wordpress\/plugins\/seo\/ -->\n<title>H\u00e9lder Marques - Shine Iberia<\/title>\n<meta name=\"robots\" content=\"index, follow, max-snippet:-1, max-image-preview:large, max-video-preview:-1\" \/>\n<link rel=\"canonical\" href=\"https:\/\/www.shineiberia.tv\/en\/shine-iberia\/helder-marques\/\" \/>\n<meta property=\"og:locale\" content=\"en_US\" \/>\n<meta property=\"og:type\" content=\"article\" \/>\n<meta property=\"og:title\" content=\"H\u00e9lder Marques - Shine Iberia\" \/>\n<meta property=\"og:site_name\" content=\"Shine Iberia\" \/>\n<meta property=\"article:modified_time\" content=\"2025-09-02T14:15:52+00:00\" \/>\n<meta name=\"twitter:card\" content=\"summary_large_image\" \/>\n<meta name=\"twitter:label1\" content=\"Est. reading time\" \/>\n\t<meta name=\"twitter:data1\" content=\"1 minute\" \/>\n<script type=\"application\/ld+json\" class=\"yoast-schema-graph\">{\"@context\":\"https:\/\/schema.org\",\"@graph\":[{\"@type\":\"WebPage\",\"@id\":\"https:\/\/www.shineiberia.tv\/en\/shine-iberia\/helder-marques\/\",\"url\":\"https:\/\/www.shineiberia.tv\/en\/shine-iberia\/helder-marques\/\",\"name\":\"H\u00e9lder Marques - Shine Iberia\",\"isPartOf\":{\"@id\":\"https:\/\/shineiberia.tv\/en\/#website\"},\"datePublished\":\"2023-06-27T10:10:45+00:00\",\"dateModified\":\"2025-09-02T14:15:52+00:00\",\"breadcrumb\":{\"@id\":\"https:\/\/www.shineiberia.tv\/en\/shine-iberia\/helder-marques\/#breadcrumb\"},\"inLanguage\":\"en-US\",\"potentialAction\":[{\"@type\":\"ReadAction\",\"target\":[\"https:\/\/www.shineiberia.tv\/en\/shine-iberia\/helder-marques\/\"]}]},{\"@type\":\"BreadcrumbList\",\"@id\":\"https:\/\/www.shineiberia.tv\/en\/shine-iberia\/helder-marques\/#breadcrumb\",\"itemListElement\":[{\"@type\":\"ListItem\",\"position\":1,\"name\":\"Portada\",\"item\":\"https:\/\/shineiberia.tv\/en\/\"},{\"@type\":\"ListItem\",\"position\":2,\"name\":\"Shine Iberia\",\"item\":\"https:\/\/www.shineiberia.tv\/en\/shine-iberia\/\"},{\"@type\":\"ListItem\",\"position\":3,\"name\":\"H\u00e9lder Marques\"}]},{\"@type\":\"WebSite\",\"@id\":\"https:\/\/shineiberia.tv\/en\/#website\",\"url\":\"https:\/\/shineiberia.tv\/en\/\",\"name\":\"Shine Iberia\",\"description\":\"\",\"potentialAction\":[{\"@type\":\"SearchAction\",\"target\":{\"@type\":\"EntryPoint\",\"urlTemplate\":\"https:\/\/shineiberia.tv\/en\/?s={search_term_string}\"},\"query-input\":{\"@type\":\"PropertyValueSpecification\",\"valueRequired\":true,\"valueName\":\"search_term_string\"}}],\"inLanguage\":\"en-US\"}]}<\/script>\n<!-- \/ Yoast SEO plugin. -->","yoast_head_json":{"title":"H\u00e9lder Marques - Shine Iberia","robots":{"index":"index","follow":"follow","max-snippet":"max-snippet:-1","max-image-preview":"max-image-preview:large","max-video-preview":"max-video-preview:-1"},"canonical":"https:\/\/www.shineiberia.tv\/en\/shine-iberia\/helder-marques\/","og_locale":"en_US","og_type":"article","og_title":"H\u00e9lder Marques - Shine Iberia","og_site_name":"Shine Iberia","article_modified_time":"2025-09-02T14:15:52+00:00","twitter_card":"summary_large_image","twitter_misc":{"Est. reading time":"1 minute"},"schema":{"@context":"https:\/\/schema.org","@graph":[{"@type":"WebPage","@id":"https:\/\/www.shineiberia.tv\/en\/shine-iberia\/helder-marques\/","url":"https:\/\/www.shineiberia.tv\/en\/shine-iberia\/helder-marques\/","name":"H\u00e9lder Marques - Shine Iberia","isPartOf":{"@id":"https:\/\/shineiberia.tv\/en\/#website"},"datePublished":"2023-06-27T10:10:45+00:00","dateModified":"2025-09-02T14:15:52+00:00","breadcrumb":{"@id":"https:\/\/www.shineiberia.tv\/en\/shine-iberia\/helder-marques\/#breadcrumb"},"inLanguage":"en-US","potentialAction":[{"@type":"ReadAction","target":["https:\/\/www.shineiberia.tv\/en\/shine-iberia\/helder-marques\/"]}]},{"@type":"BreadcrumbList","@id":"https:\/\/www.shineiberia.tv\/en\/shine-iberia\/helder-marques\/#breadcrumb","itemListElement":[{"@type":"ListItem","position":1,"name":"Portada","item":"https:\/\/shineiberia.tv\/en\/"},{"@type":"ListItem","position":2,"name":"Shine Iberia","item":"https:\/\/www.shineiberia.tv\/en\/shine-iberia\/"},{"@type":"ListItem","position":3,"name":"H\u00e9lder Marques"}]},{"@type":"WebSite","@id":"https:\/\/shineiberia.tv\/en\/#website","url":"https:\/\/shineiberia.tv\/en\/","name":"Shine Iberia","description":"","potentialAction":[{"@type":"SearchAction","target":{"@type":"EntryPoint","urlTemplate":"https:\/\/shineiberia.tv\/en\/?s={search_term_string}"},"query-input":{"@type":"PropertyValueSpecification","valueRequired":true,"valueName":"search_term_string"}}],"inLanguage":"en-US"}]}},"_links":{"self":[{"href":"https:\/\/www.shineiberia.tv\/en\/wp-json\/wp\/v2\/pages\/39339","targetHints":{"allow":["GET"]}}],"collection":[{"href":"https:\/\/www.shineiberia.tv\/en\/wp-json\/wp\/v2\/pages"}],"about":[{"href":"https:\/\/www.shineiberia.tv\/en\/wp-json\/wp\/v2\/types\/page"}],"author":[{"embeddable":true,"href":"https:\/\/www.shineiberia.tv\/en\/wp-json\/wp\/v2\/users\/1"}],"replies":[{"embeddable":true,"href":"https:\/\/www.shineiberia.tv\/en\/wp-json\/wp\/v2\/comments?post=39339"}],"version-history":[{"count":7,"href":"https:\/\/www.shineiberia.tv\/en\/wp-json\/wp\/v2\/pages\/39339\/revisions"}],"predecessor-version":[{"id":49067,"href":"https:\/\/www.shineiberia.tv\/en\/wp-json\/wp\/v2\/pages\/39339\/revisions\/49067"}],"up":[{"embeddable":true,"href":"https:\/\/www.shineiberia.tv\/en\/wp-json\/wp\/v2\/pages\/38801"}],"wp:attachment":[{"href":"https:\/\/www.shineiberia.tv\/en\/wp-json\/wp\/v2\/media?parent=39339"}],"curies":[{"name":"wp","href":"https:\/\/api.w.org\/{rel}","templated":true}]}}