{"id":46381,"date":"2024-05-24T11:47:32","date_gmt":"2024-05-24T11:47:32","guid":{"rendered":"https:\/\/shineiberia.tv\/?page_id=46381"},"modified":"2026-03-13T11:31:47","modified_gmt":"2026-03-13T11:31:47","slug":"patricia-louro-2","status":"publish","type":"page","link":"https:\/\/www.shineiberia.tv\/en\/shine-iberia\/patricia-louro-2\/","title":{"rendered":"Patr\u00edcia Louro"},"content":{"rendered":"<p>[et_pb_section fb_built=&#8221;1&#8243; admin_label=&#8221;Foto Cabecera&#8221; module_class=&#8221;secc-cab-prog secc-eq-desc&#8221; _builder_version=&#8221;4.21.0&#8243; _module_preset=&#8221;default&#8221; background_enable_color=&#8221;off&#8221; background_image=&#8221;https:\/\/www.shineiberia.tv\/wp-content\/uploads\/2023\/06\/cabecera-shine-iberia.jpeg&#8221; background_blend=&#8221;multiply&#8221; da_disable_devices=&#8221;off|off|off&#8221; collapsed=&#8221;off&#8221; global_colors_info=&#8221;{}&#8221; da_is_popup=&#8221;off&#8221; da_exit_intent=&#8221;off&#8221; da_has_close=&#8221;on&#8221; da_alt_close=&#8221;off&#8221; da_dark_close=&#8221;off&#8221; da_not_modal=&#8221;on&#8221; da_is_singular=&#8221;off&#8221; da_with_loader=&#8221;off&#8221; da_has_shadow=&#8221;on&#8221;][et_pb_row _builder_version=&#8221;4.19.5&#8243; _module_preset=&#8221;default&#8221; global_colors_info=&#8221;{}&#8221;][et_pb_column type=&#8221;4_4&#8243; _builder_version=&#8221;4.19.5&#8243; _module_preset=&#8221;default&#8221; global_colors_info=&#8221;{}&#8221;][et_pb_text disabled_on=&#8221;off|off|on&#8221; admin_label=&#8221;Nombre &#8211; Mvl &#038; Tablet&#8221; _builder_version=&#8221;4.21.0&#8243; _module_preset=&#8221;default&#8221; global_colors_info=&#8221;{}&#8221;]<\/p>\n<h1 class=\"ld-h1-a\">Patr\u00edcia Louro<\/h1>\n<p>[\/et_pb_text][\/et_pb_column][\/et_pb_row][\/et_pb_section][et_pb_section fb_built=&#8221;1&#8243; disabled_on=&#8221;on|on|off&#8221; admin_label=&#8221;Contenido Cabecera &#8211; PC&#8221; module_class=&#8221;secc-inic-a&#8221; _builder_version=&#8221;4.20.0&#8243; _module_preset=&#8221;default&#8221; background_enable_image=&#8221;off&#8221; da_disable_devices=&#8221;off|off|off&#8221; collapsed=&#8221;off&#8221; global_colors_info=&#8221;{}&#8221; da_is_popup=&#8221;off&#8221; da_exit_intent=&#8221;off&#8221; da_has_close=&#8221;on&#8221; da_alt_close=&#8221;off&#8221; da_dark_close=&#8221;off&#8221; da_not_modal=&#8221;on&#8221; da_is_singular=&#8221;off&#8221; da_with_loader=&#8221;off&#8221; da_has_shadow=&#8221;on&#8221;][et_pb_row column_structure=&#8221;1_3,2_3&#8243; disabled_on=&#8221;on|on|off&#8221; module_class=&#8221;fila-a&#8221; _builder_version=&#8221;4.21.0&#8243; _module_preset=&#8221;default&#8221; global_colors_info=&#8221;{}&#8221;][et_pb_column type=&#8221;1_3&#8243; module_class=&#8221;col-a&#8221; admin_label=&#8221;Foto con Logo del Programa en %22Fondo%22&#8243; _builder_version=&#8221;4.21.0&#8243; _module_preset=&#8221;default&#8221; background_image=&#8221;https:\/\/www.shineiberia.tv\/\/wp-content\/uploads\/2025\/08\/Patricia-Louro-500&#215;500.2@ceciliabayonasfoto.L1060160.jpg&#8221; global_colors_info=&#8221;{}&#8221;][\/et_pb_column][et_pb_column type=&#8221;2_3&#8243; module_class=&#8221;col-b&#8221; _builder_version=&#8221;4.20.0&#8243; _module_preset=&#8221;default&#8221; global_colors_info=&#8221;{}&#8221;][et_pb_text admin_label=&#8221;Nombre &#8211; PC&#8221; _builder_version=&#8221;4.27.4&#8243; _module_preset=&#8221;default&#8221; hover_enabled=&#8221;0&#8243; global_colors_info=&#8221;{}&#8221; sticky_enabled=&#8221;0&#8243;]<\/p>\n<h1 class=\"ld-h1-a\">Patr\u00edcia Louro<\/h1>\n<p>[\/et_pb_text][et_pb_text admin_label=&#8221;Puesto&#8221; _builder_version=&#8221;4.27.4&#8243; _module_preset=&#8221;default&#8221; hover_enabled=&#8221;0&#8243; global_colors_info=&#8221;{}&#8221; sticky_enabled=&#8221;0&#8243;]<\/p>\n<p class=\"ld-p-b\">Executive Producer<\/p>\n<p>[\/et_pb_text][\/et_pb_column][\/et_pb_row][\/et_pb_section][et_pb_section fb_built=&#8221;1&#8243; disabled_on=&#8221;off|off|on&#8221; admin_label=&#8221;Contenido Cabecera &#8211; Mvl &#038; Tablet&#8221; module_class=&#8221;secc-inic-a secc-eq-a&#8221; _builder_version=&#8221;4.21.0&#8243; _module_preset=&#8221;default&#8221; background_enable_image=&#8221;off&#8221; da_disable_devices=&#8221;off|off|off&#8221; collapsed=&#8221;off&#8221; global_colors_info=&#8221;{}&#8221; da_is_popup=&#8221;off&#8221; da_exit_intent=&#8221;off&#8221; da_has_close=&#8221;on&#8221; da_alt_close=&#8221;off&#8221; da_dark_close=&#8221;off&#8221; da_not_modal=&#8221;on&#8221; da_is_singular=&#8221;off&#8221; da_with_loader=&#8221;off&#8221; da_has_shadow=&#8221;on&#8221;][et_pb_row disabled_on=&#8221;off|off|off&#8221; _builder_version=&#8221;4.20.2&#8243; _module_preset=&#8221;default&#8221; global_colors_info=&#8221;{}&#8221;][et_pb_column type=&#8221;4_4&#8243; _builder_version=&#8221;4.20.2&#8243; _module_preset=&#8221;default&#8221; global_colors_info=&#8221;{}&#8221;][et_pb_image src=&#8221;https:\/\/www.shineiberia.tv\/\/wp-content\/uploads\/2025\/08\/Patricia-Louro-500&#215;500.2@ceciliabayonasfoto.L1060160.jpg&#8221; _builder_version=&#8221;4.21.0&#8243; _module_preset=&#8221;default&#8221; global_colors_info=&#8221;{}&#8221;][\/et_pb_image][et_pb_text admin_label=&#8221;Puesto&#8221; _builder_version=&#8221;4.21.0&#8243; _module_preset=&#8221;default&#8221; global_colors_info=&#8221;{}&#8221;]<\/p>\n<p class=\"ld-p-b\">Executive Producer<\/p>\n<p>[\/et_pb_text][\/et_pb_column][\/et_pb_row][\/et_pb_section][et_pb_section fb_built=&#8221;1&#8243; disabled_on=&#8221;off|off|off&#8221; admin_label=&#8221;Texto&#8221; module_class=&#8221;secc-inic-b secc-eq-b&#8221; _builder_version=&#8221;4.21.0&#8243; _module_preset=&#8221;default&#8221; da_disable_devices=&#8221;off|off|off&#8221; collapsed=&#8221;off&#8221; global_colors_info=&#8221;{}&#8221; da_is_popup=&#8221;off&#8221; da_exit_intent=&#8221;off&#8221; da_has_close=&#8221;on&#8221; da_alt_close=&#8221;off&#8221; da_dark_close=&#8221;off&#8221; da_not_modal=&#8221;on&#8221; da_is_singular=&#8221;off&#8221; da_with_loader=&#8221;off&#8221; da_has_shadow=&#8221;on&#8221;][et_pb_row _builder_version=&#8221;4.20.0&#8243; _module_preset=&#8221;default&#8221; global_colors_info=&#8221;{}&#8221;][et_pb_column type=&#8221;4_4&#8243; _builder_version=&#8221;4.20.0&#8243; _module_preset=&#8221;default&#8221; global_colors_info=&#8221;{}&#8221;][et_pb_text _builder_version=&#8221;4.27.4&#8243; _module_preset=&#8221;default&#8221; hover_enabled=&#8221;0&#8243; global_colors_info=&#8221;{}&#8221; sticky_enabled=&#8221;0&#8243;]<\/p>\n<p class=\"ld-p-a\">She began her career in television in 1994 at Endemol. She has worked as scriptwriter (The Soundmix Show), Research Director (Surprise Show, All You Need is Love, Expo&#8217;98 Opening Gala, Star Academy, Can\u00e7\u00f5es da Nossa Vida, etc.); TV Director (Who Wants to be a Millionaire, 1 vs 100 and Primeira Companhia) and Content Director of reality shows and entertainment programmes (Fear Factor, Big Brother 1-6, Blind Faith, Masterplan, Circo das Celebridades, Beauty and the Geek, The Bachelor, etc.) for 14 years.<\/p>\n<p class=\"ld-p-a\">She was one of the founders of CBV, as Acquisitions Executive and Executive Producer, bringing to Portugal many successful shows (The Voice, The Cube, Who Dares Sings, Golden Globes, Face Model of the Year, etc.).<\/p>\n<p class=\"ld-p-a\">After that, she worked at Fremantle as Content Director (Biggest Loser), Shine Iberia (Chefs Academy Kids) as Executive Producer of international projects. She developed her job as General Director of Production and Content for 5 years at Valentim de Carvalho, producing: TV quiz shows (Who Wants to Be a Millionaire, Joker), Sitcom Series (Sim, Chef !; Nelo e D\u00e1lia), Comedy Series (Donos Disto Tudo, C\u00e1 por Casa) and documentaries (Salvador Martinha &#8211; Na Ponta da L\u00edngua, the first original Content in Portuguese for Netflix).<\/p>\n<p class=\"ld-p-a\">She returned to her first TV &#8220;home&#8221; as Executive Producer at Endemol Portugal in April 2019.<\/p>\n<p>[\/et_pb_text][\/et_pb_column][\/et_pb_row][\/et_pb_section]<\/p>\n","protected":false},"excerpt":{"rendered":"<p>Patr\u00edcia Louro Patr\u00edcia Louro Executive Producer Executive Producer She began her career in television in 1994 at Endemol. She has worked as scriptwriter (The Soundmix Show), Research Director (Surprise Show, All You Need is Love, Expo&#8217;98 Opening Gala, Star Academy, Can\u00e7\u00f5es da Nossa Vida, etc.); TV Director (Who Wants to be a Millionaire, 1 vs [&hellip;]<\/p>\n","protected":false},"author":1,"featured_media":0,"parent":38801,"menu_order":14,"comment_status":"closed","ping_status":"closed","template":"","meta":{"_acf_changed":false,"_et_pb_use_builder":"on","_et_pb_old_content":"","_et_gb_content_width":"","footnotes":""},"class_list":["post-46381","page","type-page","status-publish","hentry"],"acf":[],"yoast_head":"<!-- This site is optimized with the Yoast SEO plugin v25.9 - https:\/\/yoast.com\/wordpress\/plugins\/seo\/ -->\n<title>Patr\u00edcia Louro - Shine Iberia<\/title>\n<meta name=\"robots\" content=\"index, follow, max-snippet:-1, max-image-preview:large, max-video-preview:-1\" \/>\n<link rel=\"canonical\" href=\"https:\/\/shineiberia.tv\/en\/shine-iberia\/patricia-louro-2\/\" \/>\n<meta property=\"og:locale\" content=\"en_US\" \/>\n<meta property=\"og:type\" content=\"article\" \/>\n<meta property=\"og:title\" content=\"Patr\u00edcia Louro - Shine Iberia\" \/>\n<meta property=\"og:site_name\" content=\"Shine Iberia\" \/>\n<meta property=\"article:modified_time\" content=\"2026-03-13T11:31:47+00:00\" \/>\n<meta name=\"twitter:card\" content=\"summary_large_image\" \/>\n<meta name=\"twitter:label1\" content=\"Est. reading time\" \/>\n\t<meta name=\"twitter:data1\" content=\"2 minutes\" \/>\n<script type=\"application\/ld+json\" class=\"yoast-schema-graph\">{\"@context\":\"https:\/\/schema.org\",\"@graph\":[{\"@type\":\"WebPage\",\"@id\":\"https:\/\/shineiberia.tv\/en\/shine-iberia\/patricia-louro-2\/\",\"url\":\"https:\/\/shineiberia.tv\/en\/shine-iberia\/patricia-louro-2\/\",\"name\":\"Patr\u00edcia Louro - Shine Iberia\",\"isPartOf\":{\"@id\":\"https:\/\/shineiberia.tv\/en\/#website\"},\"datePublished\":\"2024-05-24T11:47:32+00:00\",\"dateModified\":\"2026-03-13T11:31:47+00:00\",\"breadcrumb\":{\"@id\":\"https:\/\/shineiberia.tv\/en\/shine-iberia\/patricia-louro-2\/#breadcrumb\"},\"inLanguage\":\"en-US\",\"potentialAction\":[{\"@type\":\"ReadAction\",\"target\":[\"https:\/\/shineiberia.tv\/en\/shine-iberia\/patricia-louro-2\/\"]}]},{\"@type\":\"BreadcrumbList\",\"@id\":\"https:\/\/shineiberia.tv\/en\/shine-iberia\/patricia-louro-2\/#breadcrumb\",\"itemListElement\":[{\"@type\":\"ListItem\",\"position\":1,\"name\":\"Portada\",\"item\":\"https:\/\/shineiberia.tv\/en\/\"},{\"@type\":\"ListItem\",\"position\":2,\"name\":\"Shine Iberia\",\"item\":\"https:\/\/www.shineiberia.tv\/en\/shine-iberia\/\"},{\"@type\":\"ListItem\",\"position\":3,\"name\":\"Patr\u00edcia Louro\"}]},{\"@type\":\"WebSite\",\"@id\":\"https:\/\/shineiberia.tv\/en\/#website\",\"url\":\"https:\/\/shineiberia.tv\/en\/\",\"name\":\"Shine Iberia\",\"description\":\"\",\"potentialAction\":[{\"@type\":\"SearchAction\",\"target\":{\"@type\":\"EntryPoint\",\"urlTemplate\":\"https:\/\/shineiberia.tv\/en\/?s={search_term_string}\"},\"query-input\":{\"@type\":\"PropertyValueSpecification\",\"valueRequired\":true,\"valueName\":\"search_term_string\"}}],\"inLanguage\":\"en-US\"}]}<\/script>\n<!-- \/ Yoast SEO plugin. -->","yoast_head_json":{"title":"Patr\u00edcia Louro - Shine Iberia","robots":{"index":"index","follow":"follow","max-snippet":"max-snippet:-1","max-image-preview":"max-image-preview:large","max-video-preview":"max-video-preview:-1"},"canonical":"https:\/\/shineiberia.tv\/en\/shine-iberia\/patricia-louro-2\/","og_locale":"en_US","og_type":"article","og_title":"Patr\u00edcia Louro - Shine Iberia","og_site_name":"Shine Iberia","article_modified_time":"2026-03-13T11:31:47+00:00","twitter_card":"summary_large_image","twitter_misc":{"Est. reading time":"2 minutes"},"schema":{"@context":"https:\/\/schema.org","@graph":[{"@type":"WebPage","@id":"https:\/\/shineiberia.tv\/en\/shine-iberia\/patricia-louro-2\/","url":"https:\/\/shineiberia.tv\/en\/shine-iberia\/patricia-louro-2\/","name":"Patr\u00edcia Louro - Shine Iberia","isPartOf":{"@id":"https:\/\/shineiberia.tv\/en\/#website"},"datePublished":"2024-05-24T11:47:32+00:00","dateModified":"2026-03-13T11:31:47+00:00","breadcrumb":{"@id":"https:\/\/shineiberia.tv\/en\/shine-iberia\/patricia-louro-2\/#breadcrumb"},"inLanguage":"en-US","potentialAction":[{"@type":"ReadAction","target":["https:\/\/shineiberia.tv\/en\/shine-iberia\/patricia-louro-2\/"]}]},{"@type":"BreadcrumbList","@id":"https:\/\/shineiberia.tv\/en\/shine-iberia\/patricia-louro-2\/#breadcrumb","itemListElement":[{"@type":"ListItem","position":1,"name":"Portada","item":"https:\/\/shineiberia.tv\/en\/"},{"@type":"ListItem","position":2,"name":"Shine Iberia","item":"https:\/\/www.shineiberia.tv\/en\/shine-iberia\/"},{"@type":"ListItem","position":3,"name":"Patr\u00edcia Louro"}]},{"@type":"WebSite","@id":"https:\/\/shineiberia.tv\/en\/#website","url":"https:\/\/shineiberia.tv\/en\/","name":"Shine Iberia","description":"","potentialAction":[{"@type":"SearchAction","target":{"@type":"EntryPoint","urlTemplate":"https:\/\/shineiberia.tv\/en\/?s={search_term_string}"},"query-input":{"@type":"PropertyValueSpecification","valueRequired":true,"valueName":"search_term_string"}}],"inLanguage":"en-US"}]}},"_links":{"self":[{"href":"https:\/\/www.shineiberia.tv\/en\/wp-json\/wp\/v2\/pages\/46381","targetHints":{"allow":["GET"]}}],"collection":[{"href":"https:\/\/www.shineiberia.tv\/en\/wp-json\/wp\/v2\/pages"}],"about":[{"href":"https:\/\/www.shineiberia.tv\/en\/wp-json\/wp\/v2\/types\/page"}],"author":[{"embeddable":true,"href":"https:\/\/www.shineiberia.tv\/en\/wp-json\/wp\/v2\/users\/1"}],"replies":[{"embeddable":true,"href":"https:\/\/www.shineiberia.tv\/en\/wp-json\/wp\/v2\/comments?post=46381"}],"version-history":[{"count":7,"href":"https:\/\/www.shineiberia.tv\/en\/wp-json\/wp\/v2\/pages\/46381\/revisions"}],"predecessor-version":[{"id":49794,"href":"https:\/\/www.shineiberia.tv\/en\/wp-json\/wp\/v2\/pages\/46381\/revisions\/49794"}],"up":[{"embeddable":true,"href":"https:\/\/www.shineiberia.tv\/en\/wp-json\/wp\/v2\/pages\/38801"}],"wp:attachment":[{"href":"https:\/\/www.shineiberia.tv\/en\/wp-json\/wp\/v2\/media?parent=46381"}],"curies":[{"name":"wp","href":"https:\/\/api.w.org\/{rel}","templated":true}]}}